{"id":492,"date":"2024-07-24T13:35:57","date_gmt":"2024-07-24T13:35:57","guid":{"rendered":"http:\/\/mariamdates.com\/?post_type=product&#038;p=492"},"modified":"2026-02-22T21:08:51","modified_gmt":"2026-02-22T21:08:51","slug":"madjoul-dates-5kg","status":"publish","type":"product","link":"https:\/\/mariamdates.com\/it\/prodotto\/madjoul-dates-5kg\/","title":{"rendered":"Madjoul Dates 5kg"},"content":{"rendered":"<p data-start=\"0\" data-end=\"189\">Il dattero Medjool \u00e8 una delle variet\u00e0 di datteri pi\u00f9 amate al mondo. Celebre per la sua qualit\u00e0 eccezionale e il suo gusto ricco, \u00e8 il preferito dagli intenditori di datteri.<\/p>\n<p data-start=\"191\" data-end=\"428\">Riconoscibile per la buccia spessa e il colore bruno intenso, il dattero Medjool ha una forma grande e allungata, con un\u2019estremit\u00e0 appuntita. Il suo aspetto invitante \u00e8 accompagnato da un sapore e una consistenza superiori.<\/p>\n<p data-start=\"430\" data-end=\"683\">Carnosi, morbidi e incredibilmente succosi, questi datteri offrono un gusto unico di caramello con delicate note di vaniglia. Ogni morso rivela una consistenza ricca e avvolgente, rendendo i datteri Medjool una vera delizia per ogni occasione.<\/p>\n<p data-start=\"685\" data-end=\"878\">Perfetti da gustare da soli, abbinati ai formaggi o utilizzati in ricette gourmet, i datteri Medjool aggiungono un tocco di dolcezza naturale e raffinatezza alle tue esperienze culinarie.<\/p>\n<p data-start=\"880\" data-end=\"966\" data-is-last-node=\"\">Concediti il gusto lussuoso dei datteri Medjool, un\u2019autentica delizia per i sensi.<\/p>","protected":false},"excerpt":{"rendered":"<p>Riconoscibile per la buccia spessa e il colore bruno intenso, il dattero Medjool ha una forma grande, allungata e un\u2019estremit\u00e0 appuntita.<\/p>","protected":false},"featured_media":944,"comment_status":"open","ping_status":"closed","template":"","meta":[],"product_brand":[],"product_cat":[15],"product_tag":[],"class_list":{"0":"post-492","1":"product","2":"type-product","3":"status-publish","4":"has-post-thumbnail","6":"product_cat-uncategorized","8":"first","9":"outofstock","10":"taxable","11":"shipping-taxable","12":"purchasable","13":"product-type-simple"},"jetpack_sharing_enabled":true,"_links":{"self":[{"href":"https:\/\/mariamdates.com\/it\/wp-json\/wp\/v2\/product\/492","targetHints":{"allow":["GET"]}}],"collection":[{"href":"https:\/\/mariamdates.com\/it\/wp-json\/wp\/v2\/product"}],"about":[{"href":"https:\/\/mariamdates.com\/it\/wp-json\/wp\/v2\/types\/product"}],"replies":[{"embeddable":true,"href":"https:\/\/mariamdates.com\/it\/wp-json\/wp\/v2\/comments?post=492"}],"wp:featuredmedia":[{"embeddable":true,"href":"https:\/\/mariamdates.com\/it\/wp-json\/wp\/v2\/media\/944"}],"wp:attachment":[{"href":"https:\/\/mariamdates.com\/it\/wp-json\/wp\/v2\/media?parent=492"}],"wp:term":[{"taxonomy":"product_brand","embeddable":true,"href":"https:\/\/mariamdates.com\/it\/wp-json\/wp\/v2\/product_brand?post=492"},{"taxonomy":"product_cat","embeddable":true,"href":"https:\/\/mariamdates.com\/it\/wp-json\/wp\/v2\/product_cat?post=492"},{"taxonomy":"product_tag","embeddable":true,"href":"https:\/\/mariamdates.com\/it\/wp-json\/wp\/v2\/product_tag?post=492"}],"curies":[{"name":"wp","href":"https:\/\/api.w.org\/{rel}","templated":true}]}}