{"id":93,"date":"2013-08-11T19:22:53","date_gmt":"2013-08-11T19:22:53","guid":{"rendered":"http:\/\/localhost:8888\/test\/?page_id=532"},"modified":"2025-02-16T18:45:15","modified_gmt":"2025-02-16T18:45:15","slug":"contact","status":"publish","type":"page","link":"https:\/\/mariamdates.com\/it\/contact\/","title":{"rendered":"Contatti"},"content":{"rendered":"<div id=\"gap-710986011\" class=\"gap-element clearfix\" style=\"display:block; height:auto;\">\n\t\t\n<style>\n#gap-710986011 {\n  padding-top: 30px;\n}\n<\/style>\n\t<\/div>\n\t\n\n<div class=\"row\"  id=\"row-44487227\">\n\n\n\t<div id=\"col-2004698263\" class=\"col medium-6 large-6\"  >\n\t\t\t\t<div class=\"col-inner\"  >\n\t\t\t\n\t\t\t\n\n<div class=\"container section-title-container\" ><h3 class=\"section-title section-title-normal\"><b><\/b><span class=\"section-title-main\" >Domande Frequenti<\/span><b><\/b><\/h3><\/div>\n\n<p class=\"lead\">Consulta le nostre FAQ prima di contattarci.<\/p>\n<div class=\"accordion\">\n\n\t<div id=\"accordion-324129191\" class=\"accordion-item\">\n\t\t<a id=\"accordion-324129191-label\" class=\"accordion-title plain\" href=\"#accordion-item-what-are-the-delivery-charges-for-orders-from-the-online-shop?\" aria-expanded=\"false\" aria-controls=\"accordion-324129191-content\" >\n\t\t\t<button class=\"toggle\" aria-label=\"Attiva\/Disattiva\"><i class=\"icon-angle-down\"><\/i><\/button>\n\t\t\t<span>Quali sono le spese di spedizione per gli ordini dallo shop online?<\/span>\n\t\t<\/a>\n\t\t<div id=\"accordion-324129191-content\" class=\"accordion-inner\" aria-labelledby=\"accordion-324129191-label\" >\n\t\t\t\n\n<p>Le spese di spedizione variano in base alla destinazione, al peso e alle dimensioni dell'ordine. Questi costi verranno calcolati al momento del pagamento e vedrai il costo totale prima di completare l'acquisto.<\/p>\n\n\t\t<\/div>\n\t<\/div>\n\t\n\t<div id=\"accordion-3088842450\" class=\"accordion-item\">\n\t\t<a id=\"accordion-3088842450-label\" class=\"accordion-title plain\" href=\"#accordion-item-which-payment-methods-are-accepted-in-the-online-shop?\" aria-expanded=\"false\" aria-controls=\"accordion-3088842450-content\" >\n\t\t\t<button class=\"toggle\" aria-label=\"Attiva\/Disattiva\"><i class=\"icon-angle-down\"><\/i><\/button>\n\t\t\t<span>Quali metodi di pagamento sono accettati nel negozio online?<\/span>\n\t\t<\/a>\n\t\t<div id=\"accordion-3088842450-content\" class=\"accordion-inner\" aria-labelledby=\"accordion-3088842450-label\" >\n\t\t\t\n\n<p>Sono disponibili diversi metodi di pagamento, tra cui carte di credito e debito (Visa, MasterCard, PayPal). Seleziona l'opzione che preferisci durante il checkout.<\/p>\n\n\t\t<\/div>\n\t<\/div>\n\t\n\t<div id=\"accordion-3290253135\" class=\"accordion-item\">\n\t\t<a id=\"accordion-3290253135-label\" class=\"accordion-title plain\" href=\"#accordion-item-how-long-will-delivery-take?\" aria-expanded=\"false\" aria-controls=\"accordion-3290253135-content\" >\n\t\t\t<button class=\"toggle\" aria-label=\"Attiva\/Disattiva\"><i class=\"icon-angle-down\"><\/i><\/button>\n\t\t\t<span>Qual \u00e8 il tempo di consegna previsto?<\/span>\n\t\t<\/a>\n\t\t<div id=\"accordion-3290253135-content\" class=\"accordion-inner\" aria-labelledby=\"accordion-3290253135-label\" >\n\t\t\t\n\n<p>I tempi di consegna variano in base alla tua localit\u00e0. Normalmente, gli ordini vengono elaborati entro 1-3 giorni lavorativi, con la spedizione standard che richiede da 5 a 10 giorni lavorativi per gli ordini nazionali e fino a 14 giorni lavorativi per quelli internazionali.<\/p>\n\n\t\t<\/div>\n\t<\/div>\n\t\n\t<div id=\"accordion-3508661699\" class=\"accordion-item\">\n\t\t<a id=\"accordion-3508661699-label\" class=\"accordion-title plain\" href=\"#accordion-item-how-secure-is-shopping-in-the-online-shop?-is-my-data-protected?\" aria-expanded=\"false\" aria-controls=\"accordion-3508661699-content\" >\n\t\t\t<button class=\"toggle\" aria-label=\"Attiva\/Disattiva\"><i class=\"icon-angle-down\"><\/i><\/button>\n\t\t\t<span>Quanto \u00e8 sicuro acquistare nel nostro negozio online? I miei dati personali sono al sicuro?<\/span>\n\t\t<\/a>\n\t\t<div id=\"accordion-3508661699-content\" class=\"accordion-inner\" aria-labelledby=\"accordion-3508661699-label\" >\n\t\t\t\n\n<p>Una volta completato l'ordine, riceverai una email di conferma. Il nostro team elaborer\u00e0 l'ordine e ti invier\u00e0 una conferma di spedizione con il numero di tracciamento quando l'ordine sar\u00e0 stato inviato.<\/p>\n\n\t\t<\/div>\n\t<\/div>\n\t\n\t<div id=\"accordion-1264455864\" class=\"accordion-item\">\n\t\t<a id=\"accordion-1264455864-label\" class=\"accordion-title plain\" href=\"#accordion-item-do-i-receive-an-invoice-for-my-order?\" aria-expanded=\"false\" aria-controls=\"accordion-1264455864-content\" >\n\t\t\t<button class=\"toggle\" aria-label=\"Attiva\/Disattiva\"><i class=\"icon-angle-down\"><\/i><\/button>\n\t\t\t<span>Ricever\u00f2 una fattura per il mio ordine?<\/span>\n\t\t<\/a>\n\t\t<div id=\"accordion-1264455864-content\" class=\"accordion-inner\" aria-labelledby=\"accordion-1264455864-label\" >\n\t\t\t\n\n<p>S\u00ec, ti invieremo una fattura via email dopo la conferma del tuo ordine. La fattura includer\u00e0 tutti i dettagli pertinenti, come gli articoli acquistati, il metodo di pagamento e l'indirizzo di spedizione.<\/p>\n\n\t\t<\/div>\n\t<\/div>\n\t\n\n<\/div>\n\n\t\t<\/div>\n\t\t\t\t\t<\/div>\n\n\t\n\n\t<div id=\"col-331162452\" class=\"col medium-6 large-6\"  >\n\t\t\t\t<div class=\"col-inner\"  >\n\t\t\t\n\t\t\t\n\n<div class=\"container section-title-container\" ><h3 class=\"section-title section-title-normal\"><b><\/b><span class=\"section-title-main\" >Mandaci una email<\/span><b><\/b><\/h3><\/div>\n\n\n<div class=\"wpcf7 no-js\" id=\"wpcf7-f20-o1\" lang=\"en-US\" dir=\"ltr\" data-wpcf7-id=\"20\">\n<div class=\"screen-reader-response\"><p role=\"status\" aria-live=\"polite\" aria-atomic=\"true\"><\/p> <ul><\/ul><\/div>\n<form action=\"\/it\/wp-json\/wp\/v2\/pages\/93#wpcf7-f20-o1\" method=\"post\" class=\"wpcf7-form init\" aria-label=\"Contact form\" novalidate=\"novalidate\" data-status=\"init\" data-trp-original-action=\"\/it\/wp-json\/wp\/v2\/pages\/93#wpcf7-f20-o1\">\n<fieldset class=\"hidden-fields-container\"><input type=\"hidden\" name=\"_wpcf7\" value=\"20\" \/><input type=\"hidden\" name=\"_wpcf7_version\" value=\"6.1.5\" \/><input type=\"hidden\" name=\"_wpcf7_locale\" value=\"en_US\" \/><input type=\"hidden\" name=\"_wpcf7_unit_tag\" value=\"wpcf7-f20-o1\" \/><input type=\"hidden\" name=\"_wpcf7_container_post\" value=\"0\" \/><input type=\"hidden\" name=\"_wpcf7_posted_data_hash\" value=\"\" \/>\n<\/fieldset>\n<p><label>Il tuo nome<\/label><br \/>\n<span class=\"wpcf7-form-control-wrap\" data-name=\"your-name\"><input size=\"40\" maxlength=\"400\" class=\"wpcf7-form-control wpcf7-text wpcf7-validates-as-required\" aria-required=\"true\" aria-invalid=\"false\" value=\"\" type=\"text\" name=\"your-name\" \/><\/span>\n<\/p>\n<p><label>La tua email<\/label><br \/>\n<span class=\"wpcf7-form-control-wrap\" data-name=\"your-email\"><input size=\"40\" maxlength=\"400\" class=\"wpcf7-form-control wpcf7-email wpcf7-validates-as-required wpcf7-text wpcf7-validates-as-email\" aria-required=\"true\" aria-invalid=\"false\" value=\"\" type=\"email\" name=\"your-email\" \/><\/span>\n<\/p>\n<p><label>Il tuo messaggio<\/label><br \/>\n<span class=\"wpcf7-form-control-wrap\" data-name=\"your-message\"><textarea cols=\"40\" rows=\"10\" maxlength=\"2000\" class=\"wpcf7-form-control wpcf7-textarea\" aria-invalid=\"false\" name=\"your-message\"><\/textarea><\/span>\n<\/p>\n<p><input class=\"wpcf7-form-control wpcf7-submit has-spinner button\" type=\"submit\" value=\"Invia\" \/>\n<\/p><div class=\"wpcf7-response-output\" aria-hidden=\"true\"><\/div>\n<input type=\"hidden\" name=\"trp-form-language\" value=\"it\"\/><\/form>\n<\/div>\n\n\n\n\t\t<\/div>\n\t\t\t\t\t<\/div>\n\n\t\n\n<\/div>\n<p>&nbsp;<\/p>","protected":false},"excerpt":{"rendered":"","protected":false},"author":1,"featured_media":21,"parent":0,"menu_order":0,"comment_status":"closed","ping_status":"closed","template":"page-blank.php","meta":{"footnotes":""},"class_list":["post-93","page","type-page","status-publish","has-post-thumbnail","hentry"],"jetpack_sharing_enabled":true,"_links":{"self":[{"href":"https:\/\/mariamdates.com\/it\/wp-json\/wp\/v2\/pages\/93","targetHints":{"allow":["GET"]}}],"collection":[{"href":"https:\/\/mariamdates.com\/it\/wp-json\/wp\/v2\/pages"}],"about":[{"href":"https:\/\/mariamdates.com\/it\/wp-json\/wp\/v2\/types\/page"}],"author":[{"embeddable":true,"href":"https:\/\/mariamdates.com\/it\/wp-json\/wp\/v2\/users\/1"}],"replies":[{"embeddable":true,"href":"https:\/\/mariamdates.com\/it\/wp-json\/wp\/v2\/comments?post=93"}],"version-history":[{"count":21,"href":"https:\/\/mariamdates.com\/it\/wp-json\/wp\/v2\/pages\/93\/revisions"}],"predecessor-version":[{"id":899,"href":"https:\/\/mariamdates.com\/it\/wp-json\/wp\/v2\/pages\/93\/revisions\/899"}],"wp:featuredmedia":[{"embeddable":true,"href":"https:\/\/mariamdates.com\/it\/wp-json\/wp\/v2\/media\/21"}],"wp:attachment":[{"href":"https:\/\/mariamdates.com\/it\/wp-json\/wp\/v2\/media?parent=93"}],"curies":[{"name":"wp","href":"https:\/\/api.w.org\/{rel}","templated":true}]}}