{"id":812,"date":"2024-12-09T14:25:39","date_gmt":"2024-12-09T14:25:39","guid":{"rendered":"http:\/\/mariamdates.com\/?page_id=812"},"modified":"2026-02-19T22:50:52","modified_gmt":"2026-02-19T22:50:52","slug":"ajwa","status":"publish","type":"page","link":"https:\/\/mariamdates.com\/it\/home\/ajwa\/","title":{"rendered":"Datteri Ajwa"},"content":{"rendered":"<div class=\"row row-collapse row-full-width\"  id=\"row-123691013\">\n\n\n\t<div id=\"col-2049244315\" class=\"col medium-12 small-12 large-10\"  >\n\t\t\t\t<div class=\"col-inner\" style=\"background-color:rgb(229, 235, 228);\" >\n\t\t\t\n\t\t\t\n\n\t<div id=\"gap-700897695\" class=\"gap-element clearfix\" style=\"display:block; height:auto;\">\n\t\t\n<style>\n#gap-700897695 {\n  padding-top: 700px;\n}\n@media (min-width:550px) {\n  #gap-700897695 {\n    padding-top: 690px;\n  }\n}\n<\/style>\n\t<\/div>\n\t\n\n\n\t\t<\/div>\n\t\t\t\t\t<\/div>\n\n\t\n\n<\/div>\n<div class=\"row row-collapse row-full-width\"  id=\"row-2115388639\">\n\n\n\t<div id=\"col-2102695144\" class=\"col small-12 large-12\"  >\n\t\t\t\t<div class=\"col-inner\"  >\n\t\t\t\n\t\t\t\n\n<div class=\"row row-collapse\"  id=\"row-365529291\">\n\n\n\t<div id=\"col-770377479\" class=\"col medium-11 small-12 large-11\"  >\n\t\t\t\t<div class=\"col-inner\"  >\n\t\t\t\n\t\t\t\n\n\t<div id=\"text-3037299010\" class=\"text\">\n\t\t\n\n<h1>Collezione Ramadan<\/h1>\n\t\t\n<style>\n#text-3037299010 {\n  font-size: 1.75rem;\n}\n@media (min-width:550px) {\n  #text-3037299010 {\n    font-size: 2.25rem;\n  }\n}\n<\/style>\n\t<\/div>\n\t\n\t<div id=\"text-2129095900\" class=\"text\">\n\t\t\n\n<p>Ogni box \u00e8 realizzato in legno naturale finemente inciso, con dettagli ispirati ai motivi geometrici tradizionali.<br data-start=\"1996\" data-end=\"1999\" \/>All\u2019interno, una selezione dei nostri datteri premium:<\/p>\n<p>Ajwa, Majdul, Safawi, Sagai, Khudari.<br data-start=\"2092\" data-end=\"2095\" \/>Ogni variet\u00e0 scelta per consistenza, freschezza e intensit\u00e0 aromatica.<\/p>\n<p>Un equilibrio tra estetica e qualit\u00e0.<\/p>\n\t\t\n<style>\n#text-2129095900 {\n  font-size: 1.25rem;\n  line-height: 1.55;\n}\n@media (min-width:550px) {\n  #text-2129095900 {\n    font-size: 1.25rem;\n  }\n}\n<\/style>\n\t<\/div>\n\t\n\n\t\t<\/div>\n\t\t\t\t\n<style>\n#col-770377479 > .col-inner {\n  padding: 0px 20px 0px 20px;\n}\n@media (min-width:550px) {\n  #col-770377479 > .col-inner {\n    padding: 0px 0px 0px 40px;\n  }\n}\n<\/style>\n\t<\/div>\n\n\t\n\n<\/div>\n\t<div id=\"gap-1685011496\" class=\"gap-element clearfix\" style=\"display:block; height:auto;\">\n\t\t\n<style>\n#gap-1685011496 {\n  padding-top: 200px;\n}\n@media (min-width:550px) {\n  #gap-1685011496 {\n    padding-top: 165px;\n  }\n}\n<\/style>\n\t<\/div>\n\t\n\n<div class=\"row row-small row-full-width\"  id=\"row-1459574020\">\n\n\n\t<div id=\"col-1948287561\" class=\"col medium-6 small-12 large-3\"  data-animate=\"fadeInUp\">\n\t\t\t\t<div class=\"col-inner\"  >\n\t\t\t\n\t\t\t\n\n\n  <div class=\"banner has-hover\" id=\"banner-1955419800\">\n          <div class=\"banner-inner fill\">\n        <div class=\"banner-bg fill\" >\n            <img loading=\"lazy\" decoding=\"async\" width=\"600\" height=\"800\" src=\"https:\/\/mariamdates.com\/wp-content\/uploads\/2026\/02\/IMG_8485-2-1-600x800.jpg\" class=\"bg attachment-large size-large\" alt=\"\" \/>                                    \n                    <\/div>\n\t\t\n        <div class=\"banner-layers container\">\n            <div class=\"fill banner-link\"><\/div>            \n\n   <div id=\"text-box-227045832\" class=\"text-box banner-layer x50 md-x50 lg-x50 y50 md-y50 lg-y50 res-text\">\n                                <div class=\"text-box-content text dark\">\n              \n              <div class=\"text-inner text-center\">\n                  \n\n\n              <\/div>\n           <\/div>\n                            \n<style>\n#text-box-227045832 {\n  width: 60%;\n}\n#text-box-227045832 .text-box-content {\n  font-size: 100%;\n}\n@media (min-width:550px) {\n  #text-box-227045832 {\n    width: 60%;\n  }\n}\n<\/style>\n    <\/div>\n \n\n        <\/div>\n      <\/div>\n\n            \n<style>\n#banner-1955419800 {\n  padding-top: 250px;\n  background-color: rgb(252, 252, 252);\n}\n#banner-1955419800 .banner-bg img {\n  object-position: 0% 60%;\n}\n@media (min-width:550px) {\n  #banner-1955419800 {\n    padding-top: 400px;\n  }\n}\n<\/style>\n  <\/div>\n\n\n\n\t\t<\/div>\n\t\t\t\t\n<style>\n#col-1948287561 > .col-inner {\n  margin: -125px 0px 0px 0px;\n}\n@media (min-width:550px) {\n  #col-1948287561 > .col-inner {\n    margin: -85px 0px 0px 0px;\n  }\n}\n@media (min-width:850px) {\n  #col-1948287561 > .col-inner {\n    margin: -50px 0px 0px 0px;\n  }\n}\n<\/style>\n\t<\/div>\n\n\t\n\n\t<div id=\"col-576354161\" class=\"col medium-6 small-12 large-3\"  data-animate=\"fadeInUp\">\n\t\t\t\t<div class=\"col-inner\"  >\n\t\t\t\n\t\t\t\n\n\n  <div class=\"banner has-hover\" id=\"banner-179547599\">\n          <div class=\"banner-inner fill\">\n        <div class=\"banner-bg fill\" >\n            <img loading=\"lazy\" decoding=\"async\" width=\"600\" height=\"800\" src=\"https:\/\/mariamdates.com\/wp-content\/uploads\/2026\/02\/bbbbb-600x800.jpg\" class=\"bg attachment-large size-large\" alt=\"\" \/>                                    \n                    <\/div>\n\t\t\n        <div class=\"banner-layers container\">\n            <div class=\"fill banner-link\"><\/div>            \n\n   <div id=\"text-box-1199145608\" class=\"text-box banner-layer x50 md-x50 lg-x50 y50 md-y50 lg-y50 res-text\">\n                                <div class=\"text-box-content text dark\">\n              \n              <div class=\"text-inner text-center\">\n                  \n\n\n              <\/div>\n           <\/div>\n                            \n<style>\n#text-box-1199145608 {\n  width: 60%;\n}\n#text-box-1199145608 .text-box-content {\n  font-size: 100%;\n}\n@media (min-width:550px) {\n  #text-box-1199145608 {\n    width: 60%;\n  }\n}\n<\/style>\n    <\/div>\n \n\n        <\/div>\n      <\/div>\n\n            \n<style>\n#banner-179547599 {\n  padding-top: 250px;\n  background-color: rgb(252, 252, 252);\n}\n#banner-179547599 .banner-bg img {\n  object-position: 0% 53%;\n}\n@media (min-width:550px) {\n  #banner-179547599 {\n    padding-top: 350px;\n  }\n}\n@media (min-width:850px) {\n  #banner-179547599 {\n    padding-top: 400px;\n  }\n}\n<\/style>\n  <\/div>\n\n\n\n\t\t<\/div>\n\t\t\t\t\n<style>\n#col-576354161 > .col-inner {\n  margin: -0 0px 0px 0px;\n}\n@media (min-width:550px) {\n  #col-576354161 > .col-inner {\n    margin: -140px 0px 0px 0px;\n  }\n}\n<\/style>\n\t<\/div>\n\n\t\n\n\t<div id=\"col-977559907\" class=\"col medium-6 small-12 large-3\"  data-animate=\"fadeInUp\">\n\t\t\t\t<div class=\"col-inner\"  >\n\t\t\t\n\t\t\t\n\n\n  <div class=\"banner has-hover\" id=\"banner-620347334\">\n          <div class=\"banner-inner fill\">\n        <div class=\"banner-bg fill\" >\n            <img loading=\"lazy\" decoding=\"async\" width=\"600\" height=\"800\" src=\"https:\/\/mariamdates.com\/wp-content\/uploads\/2026\/02\/IMG_8502-600x800.jpg\" class=\"bg attachment-large size-large\" alt=\"\" \/>                                    \n                    <\/div>\n\t\t\n        <div class=\"banner-layers container\">\n            <div class=\"fill banner-link\"><\/div>            \n\n   <div id=\"text-box-1639895596\" class=\"text-box banner-layer x50 md-x50 lg-x50 y50 md-y50 lg-y50 res-text\">\n                                <div class=\"text-box-content text dark\">\n              \n              <div class=\"text-inner text-center\">\n                  \n\n\n              <\/div>\n           <\/div>\n                            \n<style>\n#text-box-1639895596 {\n  width: 60%;\n}\n#text-box-1639895596 .text-box-content {\n  font-size: 100%;\n}\n@media (min-width:550px) {\n  #text-box-1639895596 {\n    width: 60%;\n  }\n}\n<\/style>\n    <\/div>\n \n\n        <\/div>\n      <\/div>\n\n            \n<style>\n#banner-620347334 {\n  padding-top: 250px;\n  background-color: rgb(252, 252, 252);\n}\n#banner-620347334 .banner-bg img {\n  object-position: 0% 56%;\n}\n@media (min-width:550px) {\n  #banner-620347334 {\n    padding-top: 400px;\n  }\n}\n<\/style>\n  <\/div>\n\n\n\n\t\t<\/div>\n\t\t\t\t\n<style>\n#col-977559907 > .col-inner {\n  margin: 0 0px 0px 0px;\n}\n@media (min-width:550px) {\n  #col-977559907 > .col-inner {\n    margin: 20px 0px 0px 0px;\n  }\n}\n@media (min-width:850px) {\n  #col-977559907 > .col-inner {\n    margin: -50px 0px 0px 0px;\n  }\n}\n<\/style>\n\t<\/div>\n\n\t\n\n\t<div id=\"col-657388387\" class=\"col medium-6 small-12 large-3\"  data-animate=\"fadeInUp\">\n\t\t\t\t<div class=\"col-inner\"  >\n\t\t\t\n\t\t\t\n\n\n  <div class=\"banner has-hover\" id=\"banner-1476306469\">\n          <div class=\"banner-inner fill\">\n        <div class=\"banner-bg fill\" >\n            <img loading=\"lazy\" decoding=\"async\" width=\"1020\" height=\"765\" src=\"https:\/\/mariamdates.com\/wp-content\/uploads\/2026\/02\/aaaa-scaled-e1771539685942-1067x800.jpg\" class=\"bg attachment-large size-large\" alt=\"\" \/>                                    \n                    <\/div>\n\t\t\n        <div class=\"banner-layers container\">\n            <div class=\"fill banner-link\"><\/div>            \n\n   <div id=\"text-box-1795170375\" class=\"text-box banner-layer x50 md-x50 lg-x50 y50 md-y50 lg-y50 res-text\">\n                                <div class=\"text-box-content text dark\">\n              \n              <div class=\"text-inner text-center\">\n                  \n\n\n              <\/div>\n           <\/div>\n                            \n<style>\n#text-box-1795170375 {\n  width: 60%;\n}\n#text-box-1795170375 .text-box-content {\n  font-size: 100%;\n}\n@media (min-width:550px) {\n  #text-box-1795170375 {\n    width: 60%;\n  }\n}\n<\/style>\n    <\/div>\n \n\n        <\/div>\n      <\/div>\n\n            \n<style>\n#banner-1476306469 {\n  padding-top: 250px;\n  background-color: rgb(252, 252, 252);\n}\n#banner-1476306469 .banner-bg img {\n  object-position: 0% 59%;\n}\n@media (min-width:550px) {\n  #banner-1476306469 {\n    padding-top: 400px;\n  }\n}\n<\/style>\n  <\/div>\n\n\n\n\t\t<\/div>\n\t\t\t\t\n<style>\n#col-657388387 > .col-inner {\n  margin: 0 0px 0px 0px;\n}\n@media (min-width:550px) {\n  #col-657388387 > .col-inner {\n    margin: -85px 0px 0px 0px;\n  }\n}\n@media (min-width:850px) {\n  #col-657388387 > .col-inner {\n    margin: -140px 0px 0px 0px;\n  }\n}\n<\/style>\n\t<\/div>\n\n\t\n\n<\/div>\n\n\t\t<\/div>\n\t\t\t\t\n<style>\n#col-2102695144 > .col-inner {\n  margin: -650px 0px 0px 0px;\n}\n<\/style>\n\t<\/div>\n\n\t\n\n<\/div>\n\n\t<section class=\"section\" id=\"section_729305030\">\n\t\t<div class=\"section-bg fill\" >\n\t\t\t<img loading=\"lazy\" decoding=\"async\" width=\"2560\" height=\"1920\" src=\"https:\/\/mariamdates.com\/wp-content\/uploads\/2026\/02\/aaaa-scaled-e1771539685942.jpg\" class=\"bg attachment- size-\" alt=\"\" \/>\t\t\t\t\t\t<div class=\"section-bg-overlay absolute fill\"><\/div>\n\t\t\t\n\t<div class=\"is-border\"\n\t\tstyle=\"border-width:0px 0px 0px 0px;\">\n\t<\/div>\n\n\t\t<\/div>\n\n\t\t\n\n\t\t<div class=\"section-content relative\">\n\t\t\t\n\n<div class=\"row align-equal align-center\"  id=\"row-2007063075\">\n\n\n\t<div id=\"col-1294549363\" class=\"col small-12 large-12\"  data-animate=\"fadeInUp\">\n\t\t\t\t<div class=\"col-inner text-center\"  >\n\t\t\t\n\t<div class=\"is-border\"\n\t\tstyle=\"border-width:0px 0px 0px 0px;\">\n\t<\/div>\n\t\t\t\n\n\t<div id=\"text-2828462990\" class=\"text\">\n\t\t\n\n<p data-start=\"874\" data-end=\"1070\"><strong>Durante il Ramadan si condividono momenti, tavole, preghiere.<\/strong><br data-start=\"928\" data-end=\"931\" \/><strong>Regalare un cofanetto di datteri significa offrire qualcosa che accompagna l\u2019Iftar, che apre il digiuno, che entra nelle case con rispetto.<\/strong><\/p>\n<p data-start=\"1321\" data-end=\"1374\"><strong><em>Non \u00e8 solo ci\u00f2 che contiene. \u00c8 ci\u00f2 che rappresenta.<\/em><\/strong><\/p>\n\t\t\n<style>\n#text-2828462990 {\n  font-size: 1.25rem;\n  line-height: 1.5;\n  color: rgb(255,255,255);\n}\n#text-2828462990 > * {\n  color: rgb(255,255,255);\n}\n<\/style>\n\t<\/div>\n\t\n\n\t\t<\/div>\n\t\t\t\t\n<style>\n#col-1294549363 > .col-inner {\n  padding: 0px 15px 0px 15px;\n}\n@media (min-width:550px) {\n  #col-1294549363 > .col-inner {\n    padding: 0px 145px 0px 145px;\n  }\n}\n@media (min-width:850px) {\n  #col-1294549363 > .col-inner {\n    padding: 0px 100px 0px 100px;\n  }\n}\n<\/style>\n\t<\/div>\n\n\t\n\n<\/div>\n\n\t\t<\/div>\n\n\t\t\n<style>\n#section_729305030 {\n  padding-top: 80px;\n  padding-bottom: 80px;\n  background-color: rgb(255,255,255);\n}\n#section_729305030 .section-bg-overlay {\n  background-color: rgba(42, 100, 87, 0.843);\n}\n#section_729305030 .section-bg img {\n  object-position: 0% 29%;\n}\n<\/style>\n\t<\/section>\n\t\n\n\t<section class=\"section\" id=\"section_383740789\">\n\t\t<div class=\"section-bg fill\" >\n\t\t\t\t\t\t\t\t\t\n\t\t\t\n\n\t\t<\/div>\n\n\t\t\n\n\t\t<div class=\"section-content relative\">\n\t\t\t\n\n<div class=\"row align-center\"  id=\"row-1568618432\">\n\n\n\t<div id=\"col-649169253\" class=\"col medium-11 small-12 large-10\"  data-animate=\"fadeInUp\">\n\t\t\t\t<div class=\"col-inner\"  >\n\t\t\t\n\t\t\t\n\n\t<div id=\"gap-1232358329\" class=\"gap-element clearfix\" style=\"display:block; height:auto;\">\n\t\t\n<style>\n#gap-1232358329 {\n  padding-top: 35px;\n}\n<\/style>\n\t<\/div>\n\t\n\n\n  <div class=\"banner has-hover\" id=\"banner-1899817675\">\n          <div class=\"banner-inner fill\">\n        <div class=\"banner-bg fill\" >\n            <img loading=\"lazy\" decoding=\"async\" width=\"600\" height=\"800\" src=\"https:\/\/mariamdates.com\/wp-content\/uploads\/2026\/02\/ggggg-600x800.jpg\" class=\"bg attachment-large size-large\" alt=\"\" \/>                                    \n                    <\/div>\n\t\t\n        <div class=\"banner-layers container\">\n            <div class=\"fill banner-link\"><\/div>            \n\n   <div id=\"text-box-784936285\" class=\"text-box banner-layer x50 md-x50 lg-x50 y50 md-y50 lg-y50 res-text\">\n                                <div class=\"text-box-content text dark\">\n              \n              <div class=\"text-inner text-center\">\n                  \n\n\n              <\/div>\n           <\/div>\n                            \n<style>\n#text-box-784936285 {\n  width: 60%;\n}\n#text-box-784936285 .text-box-content {\n  font-size: 100%;\n}\n@media (min-width:550px) {\n  #text-box-784936285 {\n    width: 60%;\n  }\n}\n<\/style>\n    <\/div>\n \n\n        <\/div>\n      <\/div>\n\n            \n<style>\n#banner-1899817675 {\n  padding-top: 300px;\n  background-color: rgb(229, 235, 228);\n}\n#banner-1899817675 .banner-bg img {\n  object-position: 73% 41%;\n}\n@media (min-width:550px) {\n  #banner-1899817675 {\n    padding-top: 500px;\n  }\n}\n<\/style>\n  <\/div>\n\n\n\n\t\t<\/div>\n\t\t\t\t\n<style>\n#col-649169253 > .col-inner {\n  margin: 0px 0px 0px 0px;\n}\n@media (min-width:850px) {\n  #col-649169253 > .col-inner {\n    margin: 0px 0px 0px -255px;\n  }\n}\n<\/style>\n\t<\/div>\n\n\t\n\n\t<div id=\"col-1356458995\" class=\"col medium-10 small-11 large-7\"  data-animate=\"fadeInRight\">\n\t\t\t\t<div class=\"col-inner\" style=\"background-color:rgb(252, 252, 252);\" >\n\t\t\t\n\t\t\t\n\n\t<div id=\"text-1999153317\" class=\"text\">\n\t\t\n\n<h2 data-start=\"850\" data-end=\"872\">Un regalo che resta<\/h2>\n\t\t\n<style>\n#text-1999153317 {\n  font-size: 1.5rem;\n  line-height: 1.25;\n}\n<\/style>\n\t<\/div>\n\t\n<p data-start=\"1411\" data-end=\"1550\">I datteri hanno un valore profondo nella tradizione islamica.<br data-start=\"1472\" data-end=\"1475\" \/>Aprire il digiuno con un dattero \u00e8 un gesto che si tramanda da generazioni.<\/p>\n<p data-start=\"1552\" data-end=\"1610\">Scegliere di regalarli in un cofanetto elegante significa:<\/p>\n<ul data-start=\"1612\" data-end=\"1768\">\n<li data-start=\"1612\" data-end=\"1637\">\n<p data-start=\"1614\" data-end=\"1637\">Onorare chi lo riceve<\/p>\n<\/li>\n<li data-start=\"1638\" data-end=\"1675\">\n<p data-start=\"1640\" data-end=\"1675\">Condividere qualcosa di autentico<\/p>\n<\/li>\n<li data-start=\"1676\" data-end=\"1709\">\n<p data-start=\"1678\" data-end=\"1709\">Trasmettere cura e attenzione<\/p>\n<\/li>\n<li data-start=\"1710\" data-end=\"1768\">\n<p data-start=\"1712\" data-end=\"1768\">Offrire un dono che unisce spiritualit\u00e0 e raffinatezza<\/p>\n<\/li>\n<\/ul>\n<p data-start=\"1770\" data-end=\"1845\">Un cofanetto Mariam Dates non \u00e8 un regalo qualsiasi.<br data-start=\"1822\" data-end=\"1825\" \/>\u00c8 un segno di stima.<\/p>\n\n\t\t<\/div>\n\t\t\t\t\n<style>\n#col-1356458995 > .col-inner {\n  padding: 35px 35px 35px 35px;\n  margin: -95px 0px 0px 0px;\n}\n@media (min-width:550px) {\n  #col-1356458995 > .col-inner {\n    padding: 65px 45px 45px 45px;\n    margin: -175px 0px 0px 0px;\n  }\n}\n@media (min-width:850px) {\n  #col-1356458995 > .col-inner {\n    margin: -450px 0px 0px 160px;\n  }\n}\n<\/style>\n\t<\/div>\n\n\t\n\n<\/div>\n<div class=\"row align-center\"  id=\"row-280070256\">\n\n\n\t<div id=\"col-1844725890\" class=\"col medium-11 small-12 large-10\"  data-animate=\"fadeInUp\">\n\t\t\t\t<div class=\"col-inner\"  >\n\t\t\t\n\t\t\t\n\n\n  <div class=\"banner has-hover\" id=\"banner-334144244\">\n          <div class=\"banner-inner fill\">\n        <div class=\"banner-bg fill\" >\n            <img loading=\"lazy\" decoding=\"async\" width=\"600\" height=\"800\" src=\"https:\/\/mariamdates.com\/wp-content\/uploads\/2026\/02\/hhhhhhhh-600x800.jpg\" class=\"bg attachment-large size-large\" alt=\"\" \/>                                    \n                    <\/div>\n\t\t\n        <div class=\"banner-layers container\">\n            <div class=\"fill banner-link\"><\/div>            \n\n   <div id=\"text-box-1372362641\" class=\"text-box banner-layer x50 md-x50 lg-x50 y50 md-y50 lg-y50 res-text\">\n                                <div class=\"text-box-content text dark\">\n              \n              <div class=\"text-inner text-center\">\n                  \n\n\n              <\/div>\n           <\/div>\n                            \n<style>\n#text-box-1372362641 {\n  width: 60%;\n}\n#text-box-1372362641 .text-box-content {\n  font-size: 100%;\n}\n@media (min-width:550px) {\n  #text-box-1372362641 {\n    width: 60%;\n  }\n}\n<\/style>\n    <\/div>\n \n\n        <\/div>\n      <\/div>\n\n            \n<style>\n#banner-334144244 {\n  padding-top: 300px;\n  background-color: rgb(229, 235, 228);\n}\n#banner-334144244 .banner-bg img {\n  object-position: 0% 21%;\n}\n@media (min-width:550px) {\n  #banner-334144244 {\n    padding-top: 500px;\n  }\n}\n<\/style>\n  <\/div>\n\n\n\n\t\t<\/div>\n\t\t\t\t\n<style>\n#col-1844725890 > .col-inner {\n  margin: 0px 0px 0px 0px;\n}\n@media (min-width:850px) {\n  #col-1844725890 > .col-inner {\n    margin: 0px 0px 0px 350px;\n  }\n}\n<\/style>\n\t<\/div>\n\n\t\n\n\t<div id=\"col-2038074325\" class=\"col medium-10 small-11 large-7\"  data-animate=\"fadeInLeft\">\n\t\t\t\t<div class=\"col-inner\" style=\"background-color:rgb(252, 252, 252);\" >\n\t\t\t\n\t\t\t\n\n<p data-start=\"429\" data-end=\"607\">Durante il Ramadan, ogni gesto assume un significato pi\u00f9 profondo.<br data-start=\"495\" data-end=\"498\" \/>I nostri cofanetti in legno non sono semplici confezioni: sono un simbolo di rispetto, gratitudine e barakah.<\/p>\n<p data-start=\"609\" data-end=\"753\">Incisi con motivi ispirati all\u2019arte islamica e realizzati in legno naturale, custodiscono una selezione dei nostri datteri premium Mariam Dates.<\/p>\n<p data-start=\"755\" data-end=\"817\">Un dono che parla di fede, tradizione ed eleganza senza tempo.<\/p>\n\n\t\t<\/div>\n\t\t\t\t\n<style>\n#col-2038074325 > .col-inner {\n  padding: 35px 35px 35px 35px;\n  margin: -95px 0px 0px 0px;\n}\n@media (min-width:550px) {\n  #col-2038074325 > .col-inner {\n    padding: 65px 45px 45px 45px;\n    margin: -175px 0px 0px 0px;\n  }\n}\n@media (min-width:850px) {\n  #col-2038074325 > .col-inner {\n    margin: -441px 0px 0px -150px;\n  }\n}\n<\/style>\n\t<\/div>\n\n\t\n\n<\/div>\n\n\t\t<\/div>\n\n\t\t\n<style>\n#section_383740789 {\n  padding-top: 75px;\n  padding-bottom: 75px;\n  background-color: rgb(229, 235, 228);\n}\n@media (min-width:850px) {\n  #section_383740789 {\n    padding-top: 110px;\n    padding-bottom: 110px;\n  }\n}\n<\/style>\n\t<\/section>","protected":false},"excerpt":{"rendered":"","protected":false},"author":1,"featured_media":0,"parent":80,"menu_order":0,"comment_status":"closed","ping_status":"closed","template":"","meta":{"footnotes":""},"class_list":["post-812","page","type-page","status-publish","hentry"],"jetpack_sharing_enabled":true,"_links":{"self":[{"href":"https:\/\/mariamdates.com\/it\/wp-json\/wp\/v2\/pages\/812","targetHints":{"allow":["GET"]}}],"collection":[{"href":"https:\/\/mariamdates.com\/it\/wp-json\/wp\/v2\/pages"}],"about":[{"href":"https:\/\/mariamdates.com\/it\/wp-json\/wp\/v2\/types\/page"}],"author":[{"embeddable":true,"href":"https:\/\/mariamdates.com\/it\/wp-json\/wp\/v2\/users\/1"}],"replies":[{"embeddable":true,"href":"https:\/\/mariamdates.com\/it\/wp-json\/wp\/v2\/comments?post=812"}],"version-history":[{"count":13,"href":"https:\/\/mariamdates.com\/it\/wp-json\/wp\/v2\/pages\/812\/revisions"}],"predecessor-version":[{"id":1330,"href":"https:\/\/mariamdates.com\/it\/wp-json\/wp\/v2\/pages\/812\/revisions\/1330"}],"up":[{"embeddable":true,"href":"https:\/\/mariamdates.com\/it\/wp-json\/wp\/v2\/pages\/80"}],"wp:attachment":[{"href":"https:\/\/mariamdates.com\/it\/wp-json\/wp\/v2\/media?parent=812"}],"curies":[{"name":"wp","href":"https:\/\/api.w.org\/{rel}","templated":true}]}}